{"id":2143,"date":"2017-08-02T15:38:03","date_gmt":"2017-08-02T15:38:03","guid":{"rendered":"https:\/\/www.freixaadvocats.com\/?page_id=2143"},"modified":"2024-10-30T10:52:52","modified_gmt":"2024-10-30T10:52:52","slug":"dret-mercantil","status":"publish","type":"page","link":"https:\/\/freixaadvocats.com\/ca\/altres-arees-de-practica\/dret-mercantil\/","title":{"rendered":"Dret Mercantil"},"content":{"rendered":"<div class=\"wpb-content-wrapper\">[vc_row full_width=&#8221;stretch_row&#8221; css=&#8221;.vc_custom_1686690613087{margin-top: 40px !important;padding-top: 10px !important;padding-bottom: 25px !important;}&#8221;][vc_column width=&#8221;1\/4&#8243; css=&#8221;.vc_custom_1686690516528{margin-top: 40px !important;margin-bottom: 55px !important;}&#8221; el_class=&#8221;columna-menu-oap&#8221;][vc_wp_text]\n<h3>Altres \u00c0rees de Pr\u00e0ctica<\/h3>\n[\/vc_wp_text][vc_wp_custommenu nav_menu=&#8221;52&#8243;][\/vc_column][vc_column width=&#8221;3\/4&#8243;][gt3_custom_text text_color=&#8221;#27323d&#8221; font_size=&#8221;27&#8243; use_theme_fonts=&#8221;&#8221; google_fonts_text=&#8221;font_family:Roboto%3A100%2C100italic%2C300%2C300italic%2Cregular%2Citalic%2C500%2C500italic%2C700%2C700italic%2C900%2C900italic|font_style:700%20bold%20regular%3A700%3Anormal&#8221;]\n<h1>Despatx d&#8217;Advocats de Barcelona Especialistes en Dret Mercantil<\/h1>\n[\/gt3_custom_text][vc_empty_space height=&#8221;25px&#8221;][vc_column_text]El <strong>departament de dret mercantil del despatx d&#8217;advocats de Barcelona Freixa Advocats<\/strong> ofereix als nostres clients un servei integral d&#8217;assessorament mercantil a petites i grans empreses. Amb un gran coneixement del mercat local, els nostres advocats s\u00f3n experts en mat\u00e8ries de dret societari, contractual, financer i concursal, i assessoren en tot tipus de transaccions nacionals i internacionals.[\/vc_column_text][vc_empty_space height=&#8221;30px&#8221;][vc_column_text]\n<p style=\"text-align: left;\"><span style=\"color: #5eb676;\">L&#8217;experi\u00e8ncia dels nostres advocats mercantilistes de Barcelona en l&#8217;assessorament jur\u00eddic en el sector empresarial ens ha perm\u00e8s configurar un servei jur\u00eddic mercantil adaptat a cada necessitat, en \u00e0rees com:<\/span><\/p>\n[\/vc_column_text][vc_empty_space height=&#8221;25px&#8221;][vc_column_text]\n<ul>\n<li>Constituci\u00f3 de tot tipus de societats<\/li>\n<li>Fusionis i adquisicions<\/li>\n<li>Joint Venture<\/li>\n<li>Contractaci\u00f3 tant nacional com a internacional<\/li>\n<li>Concursal<\/li>\n<li>Assessorament en operacions societ\u00e0ries<\/li>\n<li>Assist\u00e8ncia a juntes de socios i consells d&#8217;administraci\u00f3<\/li>\n<li>Representaci\u00f3 i negociaci\u00f3<\/li>\n<li>Auditoria jur\u00eddica<\/li>\n<li>Planes d&#8217;empresa<\/li>\n<li>Pactes parasociales<\/li>\n<li>Defensa judicial<\/li>\n<li>Responsabilitat civil<\/li>\n<\/ul>\n[\/vc_column_text][\/vc_column][\/vc_row][vc_row full_width=&#8221;stretch_row&#8221; el_class=&#8221;franja-contacto&#8221; css=&#8221;.vc_custom_1730199466575{padding-top: 45px !important;padding-bottom: 45px !important;background: rgba(10,10,10,0.17) url(https:\/\/freixaadvocats.com\/wp-content\/uploads\/2017\/01\/bg-contacta-ahora.jpg?id=1956) !important;background-position: center !important;background-repeat: no-repeat !important;background-size: cover !important;*background-color: rgb(10,10,10) !important;}&#8221;][vc_column width=&#8221;1\/3&#8243; el_class=&#8221;columna-info-al-lado-formulario&#8221;][gt3_icon_box icon_type=&#8221;font&#8221; icon_fontawesome=&#8221;fas fa-mobile-alt&#8221; icon_position=&#8221;top&#8221; css_animation=&#8221;fadeIn&#8221; icon_size=&#8221;custom&#8221; custom_icon_size=&#8221;50&#8243; icon_color=&#8221;#5eb676&#8243; title_tag=&#8221;h5&#8243; iconbox_title_size=&#8221;18&#8243; iconbox_content_size=&#8221;22&#8243; title_color=&#8221;#ffffff&#8221; text_color=&#8221;#ffffff&#8221; link_color=&#8221;#5eb676&#8243; link_hover_color=&#8221;&#8221; new_tab=&#8221;&#8221; icon_circle=&#8221;&#8221; text=&#8221;dilluns a divendres<br \/>\n09:00 a 14:00h<br \/>\n16:00 a 19:00h&#8221; heading=&#8221;T. +34 935 958 430&#8243; url=&#8221;tel:+34935958430&#8243;][vc_empty_space height=&#8221;23px&#8221;][\/vc_column][vc_column width=&#8221;2\/3&#8243; css=&#8221;.vc_custom_1730194574363{margin-top: 20px !important;}&#8221; el_class=&#8221;columna-formulario&#8221;][gt3_custom_text text_color=&#8221;#ffffff&#8221; font_size=&#8221;27&#8243; use_theme_fonts=&#8221;&#8221; google_fonts_text=&#8221;font_family:Roboto%3A100%2C100italic%2C300%2C300italic%2Cregular%2Citalic%2C500%2C500italic%2C700%2C700italic%2C900%2C900italic|font_style:700%20bold%20regular%3A700%3Anormal&#8221;]\n<p style=\"text-align: left;\">CONSULTA&#8217;NS ARA SENSE COMPROM\u00cdS<\/p>\n[\/gt3_custom_text]\n<div class=\"wpcf7 no-js\" id=\"wpcf7-f2269-o1\" lang=\"en-US\" dir=\"ltr\" data-wpcf7-id=\"2269\">\n<div class=\"screen-reader-response\"><p role=\"status\" aria-live=\"polite\" aria-atomic=\"true\"><\/p> <ul><\/ul><\/div>\n<form action=\"\/ca\/wp-json\/wp\/v2\/pages\/2143#wpcf7-f2269-o1\" method=\"post\" class=\"wpcf7-form init\" aria-label=\"Contact form\" novalidate=\"novalidate\" data-status=\"init\">\n<div style=\"display: none;\">\n<input type=\"hidden\" name=\"_wpcf7\" value=\"2269\" \/>\n<input type=\"hidden\" name=\"_wpcf7_version\" value=\"6.0.5\" \/>\n<input type=\"hidden\" name=\"_wpcf7_locale\" value=\"en_US\" \/>\n<input type=\"hidden\" name=\"_wpcf7_unit_tag\" value=\"wpcf7-f2269-o1\" \/>\n<input type=\"hidden\" name=\"_wpcf7_container_post\" value=\"0\" \/>\n<input type=\"hidden\" name=\"_wpcf7_posted_data_hash\" value=\"\" \/>\n<input type=\"hidden\" name=\"_wpcf7_recaptcha_response\" value=\"\" \/>\n<\/div>\n<div class=\"row\">\n\t<div class=\"span4\">\n\t\t<p><span class=\"wpcf7-form-control-wrap\" data-name=\"Name\"><input size=\"40\" maxlength=\"400\" class=\"wpcf7-form-control wpcf7-text wpcf7-validates-as-required\" aria-required=\"true\" aria-invalid=\"false\" placeholder=\"Nom *\" value=\"\" type=\"text\" name=\"Name\" \/><\/span>\n\t\t<\/p>\n\t<\/div>\n\t<div class=\"span4\">\n\t\t<p><span class=\"wpcf7-form-control-wrap\" data-name=\"your-email\"><input size=\"40\" maxlength=\"400\" class=\"wpcf7-form-control wpcf7-email wpcf7-validates-as-required wpcf7-text wpcf7-validates-as-email\" aria-required=\"true\" aria-invalid=\"false\" placeholder=\"E-Mail *\" value=\"\" type=\"email\" name=\"your-email\" \/><\/span>\n\t\t<\/p>\n\t<\/div>\n\t<div class=\"span4\">\n\t\t<p><span class=\"wpcf7-form-control-wrap\" data-name=\"tel-280\"><input size=\"40\" maxlength=\"400\" class=\"wpcf7-form-control wpcf7-tel wpcf7-text wpcf7-validates-as-tel\" aria-invalid=\"false\" placeholder=\"Tel\u00e8fon\" value=\"\" type=\"tel\" name=\"tel-280\" \/><\/span>\n\t\t<\/p>\n\t<\/div>\n\t<div class=\"span12 custom_textarea\">\n\t\t<p><span class=\"wpcf7-form-control-wrap\" data-name=\"your-message\"><textarea cols=\"40\" rows=\"10\" maxlength=\"2000\" class=\"wpcf7-form-control wpcf7-textarea\" aria-invalid=\"false\" placeholder=\"Missatge...\" name=\"your-message\"><\/textarea><\/span>\n\t\t<\/p>\n\t<\/div>\n<\/div>\n<div class=\"row\">\n\t<div class=\"span12 form-texto-legal\">\n\t\t<p><br \/>\nEn compliment de l'establert en la normativa vigent de Protecci\u00f3 de Dades de Car\u00e0cter Personal, li comuniquem que les dades recollides en el present formulari quedaran incorporats i seran tractats en el fitxer denominat Usuaris Web sota la responsabilitat de FREIXA ADVOCATS S.L. amb la finalitat de poder prestar els seus serveis, aix\u00ed com per mantenir-me informat sobre q\u00fcestions relatives a l'activitat de l'empresa.\n\t\t<\/p>\n\t\t<p><br \/>\nLi informem que les dades que ens faciliti seran tractats de forma lleial, transparent, adequada, pertinent, limitada, exacta i actualitzada i no es comunicaran o cediran a tercers, exceptuant que aquesta comunicaci\u00f3 sigui necess\u00e0ria o pugui suposar una millora per a la finalitat dels mateixos, sempre concorde a la normativa vigent en mat\u00e8ria de protecci\u00f3 de dades, Reglament General de Protecci\u00f3 de Dades.\n\t\t<\/p>\n\t\t<p><br \/>\nEn el cas que es produeixin canvis en algun de les dades facilitades, amb la finalitat de mantenir el nostre fitxer actualitzat, li preguem ens ho comuniqui per escrit.\n\t\t<\/p>\n\t\t<p><br \/>\nLi informem de la possibilitat que t\u00e9 d'exercir els drets d'acc\u00e9s, rectificaci\u00f3, supressi\u00f3, oposici\u00f3, limitaci\u00f3 del tractament i portabilitat de les seves dades de car\u00e0cter personal de forma presencial en les oficines de FREIXA ADVOCATS S.L., acompanyant c\u00f2pia de DNI, o b\u00e9 mitjan\u00e7ant correu postal a C\/ Via Augusta, 29 5\u00aa planta de Barcelona, 08006 BARCELONA, o correu electr\u00f2nic a afreixa@freixaadvocats.com.\n\t\t<\/p>\n\t<\/div>\n<\/div>\n<div class=\"row\">\n\t<div class=\"span6 check-acepto\">\n\t\t<p><span class=\"wpcf7-form-control-wrap\" data-name=\"politica\"><span class=\"wpcf7-form-control wpcf7-acceptance\"><span class=\"wpcf7-list-item\"><input type=\"checkbox\" name=\"politica\" value=\"1\" aria-invalid=\"false\" \/><\/span><\/span><\/span> He llegit i accepto la <a href=\"\/aviso-legal-y-politica-de-privacidad-y-cookies\/\">pol\u00edtica de privacitat<\/a>\n\t\t<\/p>\n\t<\/div>\n\t<div class=\"span6\">\n\t\t<p class=\"form-submit_custom text-center\"><input class=\"wpcf7-form-control wpcf7-submit has-spinner\" type=\"submit\" value=\"ENVIAR\" \/>\n\t\t<\/p>\n\t<\/div>\n<\/div>\n<div class=\"wpcf7-response-output\" aria-hidden=\"true\"><\/div>\n<\/form>\n<\/div>\n[\/vc_column][\/vc_row][vc_row][vc_column el_class=&#8221;div-menu-oap-responsive&#8221; css=&#8221;.vc_custom_1686757332470{margin-top: 20px !important;}&#8221;][vc_wp_text]\n<h3>Altres \u00c0rees de Pr\u00e0ctica<\/h3>\n[\/vc_wp_text][vc_wp_custommenu nav_menu=&#8221;52&#8243;][\/vc_column][\/vc_row]\n<\/div>","protected":false},"excerpt":{"rendered":"<p>[vc_row full_width=&#8221;stretch_row&#8221; css=&#8221;.vc_custom_1686690613087{margin-top: 40px !important;padding-top: 10px !important;padding-bottom: 25px !important;}&#8221;][vc_column width=&#8221;1\/4&#8243; css=&#8221;.vc_custom_1686690516528{margin-top: 40px !important;margin-bottom: 55px !important;}&#8221; el_class=&#8221;columna-menu-oap&#8221;][vc_wp_text] Altres \u00c0rees de Pr\u00e0ctica [\/vc_wp_text][vc_wp_custommenu nav_menu=&#8221;52&#8243;][\/vc_column][vc_column width=&#8221;3\/4&#8243;][gt3_custom_text text_color=&#8221;#27323d&#8221; font_size=&#8221;27&#8243; use_theme_fonts=&#8221;&#8221; google_fonts_text=&#8221;font_family:Roboto%3A100%2C100italic%2C300%2C300italic%2Cregular%2Citalic%2C500%2C500italic%2C700%2C700italic%2C900%2C900italic|font_style:700%20bold%20regular%3A700%3Anormal&#8221;] Despatx d&#8217;Advocats de Barcelona Especialistes en Dret Mercantil [\/gt3_custom_text][vc_empty_space height=&#8221;25px&#8221;][vc_column_text]El departament de dret mercantil del despatx d&#8217;advocats de Barcelona Freixa Advocats ofereix als nostres clients un servei integral [&hellip;]<\/p>\n","protected":false},"author":10,"featured_media":0,"parent":2214,"menu_order":0,"comment_status":"closed","ping_status":"closed","template":"","meta":{"footnotes":""},"class_list":["post-2143","page","type-page","status-publish","hentry"],"yoast_head":"<!-- This site is optimized with the Yoast SEO plugin v24.7 - https:\/\/yoast.com\/wordpress\/plugins\/seo\/ -->\n<title>Advocats de Barcelona especialistes en dret mercantil<\/title>\n<meta name=\"description\" content=\"Els advocats de Freixa Advocats Barcelona s\u00f3n especialistes en dret mercantil i en l&#039;assessorament jur\u00eddic integral a petites i grans empreses\" \/>\n<meta name=\"robots\" content=\"index, follow, max-snippet:-1, max-image-preview:large, max-video-preview:-1\" \/>\n<link rel=\"canonical\" href=\"https:\/\/freixaadvocats.com\/ca\/altres-arees-de-practica\/dret-mercantil\/\" \/>\n<meta property=\"og:locale\" content=\"ca_ES\" \/>\n<meta property=\"og:type\" content=\"article\" \/>\n<meta property=\"og:title\" content=\"Advocats de Barcelona especialistes en dret mercantil\" \/>\n<meta property=\"og:description\" content=\"Els advocats de Freixa Advocats Barcelona s\u00f3n especialistes en dret mercantil i en l&#039;assessorament jur\u00eddic integral a petites i grans empreses\" \/>\n<meta property=\"og:url\" content=\"https:\/\/freixaadvocats.com\/ca\/altres-arees-de-practica\/dret-mercantil\/\" \/>\n<meta property=\"og:site_name\" content=\"Freixa\" \/>\n<meta property=\"og:image\" content=\"https:\/\/freixaadvocats.com\/wp-content\/uploads\/2023\/06\/freixa-advocats-barcelona.jpg\" \/>\n\t<meta property=\"og:image:width\" content=\"1200\" \/>\n\t<meta property=\"og:image:height\" content=\"630\" \/>\n\t<meta property=\"og:image:type\" content=\"image\/jpeg\" \/>\n<script type=\"application\/ld+json\" class=\"yoast-schema-graph\">{\"@context\":\"https:\/\/schema.org\",\"@graph\":[{\"@type\":\"Article\",\"@id\":\"https:\/\/freixaadvocats.com\/ca\/altres-arees-de-practica\/dret-mercantil\/#article\",\"isPartOf\":{\"@id\":\"https:\/\/freixaadvocats.com\/ca\/altres-arees-de-practica\/dret-mercantil\/\"},\"author\":{\"name\":\"adminCgi2023\",\"@id\":\"https:\/\/freixaadvocats.com\/ca\/#\/schema\/person\/60fffced4655bc3f1f6d16fbd2eaf4e1\"},\"headline\":\"Dret Mercantil\",\"mainEntityOfPage\":{\"@id\":\"https:\/\/freixaadvocats.com\/ca\/altres-arees-de-practica\/dret-mercantil\/\"},\"wordCount\":506,\"publisher\":{\"@id\":\"https:\/\/freixaadvocats.com\/ca\/#organization\"},\"inLanguage\":\"ca\"},{\"@type\":\"WebPage\",\"@id\":\"https:\/\/freixaadvocats.com\/ca\/altres-arees-de-practica\/dret-mercantil\/\",\"url\":\"https:\/\/freixaadvocats.com\/ca\/altres-arees-de-practica\/dret-mercantil\/\",\"name\":\"Advocats de Barcelona especialistes en dret mercantil\",\"isPartOf\":{\"@id\":\"https:\/\/freixaadvocats.com\/ca\/#website\"},\"description\":\"Els advocats de Freixa Advocats Barcelona s\u00f3n especialistes en dret mercantil i en l'assessorament jur\u00eddic integral a petites i grans empreses\",\"breadcrumb\":{\"@id\":\"https:\/\/freixaadvocats.com\/ca\/altres-arees-de-practica\/dret-mercantil\/#breadcrumb\"},\"inLanguage\":\"ca\",\"potentialAction\":[{\"@type\":\"ReadAction\",\"target\":[\"https:\/\/freixaadvocats.com\/ca\/altres-arees-de-practica\/dret-mercantil\/\"]}]},{\"@type\":\"BreadcrumbList\",\"@id\":\"https:\/\/freixaadvocats.com\/ca\/altres-arees-de-practica\/dret-mercantil\/#breadcrumb\",\"itemListElement\":[{\"@type\":\"ListItem\",\"position\":1,\"name\":\"Portada\",\"item\":\"https:\/\/freixaadvocats.com\/ca\/\"},{\"@type\":\"ListItem\",\"position\":2,\"name\":\"Altres \u00c0rees de Pr\u00e0ctica\",\"item\":\"https:\/\/freixaadvocats.com\/ca\/altres-arees-de-practica\/\"},{\"@type\":\"ListItem\",\"position\":3,\"name\":\"Dret Mercantil\"}]},{\"@type\":\"WebSite\",\"@id\":\"https:\/\/freixaadvocats.com\/ca\/#website\",\"url\":\"https:\/\/freixaadvocats.com\/ca\/\",\"name\":\"Toni Freixa Abogado\",\"description\":\"Especialista en Dret Esportiu, Concursal i Startups\",\"publisher\":{\"@id\":\"https:\/\/freixaadvocats.com\/ca\/#organization\"},\"potentialAction\":[{\"@type\":\"SearchAction\",\"target\":{\"@type\":\"EntryPoint\",\"urlTemplate\":\"https:\/\/freixaadvocats.com\/ca\/?s={search_term_string}\"},\"query-input\":{\"@type\":\"PropertyValueSpecification\",\"valueRequired\":true,\"valueName\":\"search_term_string\"}}],\"inLanguage\":\"ca\"},{\"@type\":\"Organization\",\"@id\":\"https:\/\/freixaadvocats.com\/ca\/#organization\",\"name\":\"Freixa\",\"url\":\"https:\/\/freixaadvocats.com\/ca\/\",\"logo\":{\"@type\":\"ImageObject\",\"inLanguage\":\"ca\",\"@id\":\"https:\/\/freixaadvocats.com\/ca\/#\/schema\/logo\/image\/\",\"url\":\"https:\/\/freixaadvocats.com\/wp-content\/uploads\/2023\/06\/toni-freixa-advocat.png\",\"contentUrl\":\"https:\/\/freixaadvocats.com\/wp-content\/uploads\/2023\/06\/toni-freixa-advocat.png\",\"width\":144,\"height\":49,\"caption\":\"Freixa\"},\"image\":{\"@id\":\"https:\/\/freixaadvocats.com\/ca\/#\/schema\/logo\/image\/\"}},{\"@type\":\"Person\",\"@id\":\"https:\/\/freixaadvocats.com\/ca\/#\/schema\/person\/60fffced4655bc3f1f6d16fbd2eaf4e1\",\"name\":\"adminCgi2023\",\"image\":{\"@type\":\"ImageObject\",\"inLanguage\":\"ca\",\"@id\":\"https:\/\/freixaadvocats.com\/ca\/#\/schema\/person\/image\/\",\"url\":\"https:\/\/freixaadvocats.com\/wp-content\/litespeed\/avatar\/1c8b7c9b27d180f6a43159d9c053666a.jpg?ver=1775762146\",\"contentUrl\":\"https:\/\/freixaadvocats.com\/wp-content\/litespeed\/avatar\/1c8b7c9b27d180f6a43159d9c053666a.jpg?ver=1775762146\",\"caption\":\"adminCgi2023\"},\"url\":\"https:\/\/freixaadvocats.com\/ca\/despatx-advocats-barcelona\/\"}]}<\/script>\n<!-- \/ Yoast SEO plugin. -->","yoast_head_json":{"title":"Advocats de Barcelona especialistes en dret mercantil","description":"Els advocats de Freixa Advocats Barcelona s\u00f3n especialistes en dret mercantil i en l'assessorament jur\u00eddic integral a petites i grans empreses","robots":{"index":"index","follow":"follow","max-snippet":"max-snippet:-1","max-image-preview":"max-image-preview:large","max-video-preview":"max-video-preview:-1"},"canonical":"https:\/\/freixaadvocats.com\/ca\/altres-arees-de-practica\/dret-mercantil\/","og_locale":"ca_ES","og_type":"article","og_title":"Advocats de Barcelona especialistes en dret mercantil","og_description":"Els advocats de Freixa Advocats Barcelona s\u00f3n especialistes en dret mercantil i en l'assessorament jur\u00eddic integral a petites i grans empreses","og_url":"https:\/\/freixaadvocats.com\/ca\/altres-arees-de-practica\/dret-mercantil\/","og_site_name":"Freixa","og_image":[{"width":1200,"height":630,"url":"https:\/\/freixaadvocats.com\/wp-content\/uploads\/2023\/06\/freixa-advocats-barcelona.jpg","type":"image\/jpeg"}],"schema":{"@context":"https:\/\/schema.org","@graph":[{"@type":"Article","@id":"https:\/\/freixaadvocats.com\/ca\/altres-arees-de-practica\/dret-mercantil\/#article","isPartOf":{"@id":"https:\/\/freixaadvocats.com\/ca\/altres-arees-de-practica\/dret-mercantil\/"},"author":{"name":"adminCgi2023","@id":"https:\/\/freixaadvocats.com\/ca\/#\/schema\/person\/60fffced4655bc3f1f6d16fbd2eaf4e1"},"headline":"Dret Mercantil","mainEntityOfPage":{"@id":"https:\/\/freixaadvocats.com\/ca\/altres-arees-de-practica\/dret-mercantil\/"},"wordCount":506,"publisher":{"@id":"https:\/\/freixaadvocats.com\/ca\/#organization"},"inLanguage":"ca"},{"@type":"WebPage","@id":"https:\/\/freixaadvocats.com\/ca\/altres-arees-de-practica\/dret-mercantil\/","url":"https:\/\/freixaadvocats.com\/ca\/altres-arees-de-practica\/dret-mercantil\/","name":"Advocats de Barcelona especialistes en dret mercantil","isPartOf":{"@id":"https:\/\/freixaadvocats.com\/ca\/#website"},"description":"Els advocats de Freixa Advocats Barcelona s\u00f3n especialistes en dret mercantil i en l'assessorament jur\u00eddic integral a petites i grans empreses","breadcrumb":{"@id":"https:\/\/freixaadvocats.com\/ca\/altres-arees-de-practica\/dret-mercantil\/#breadcrumb"},"inLanguage":"ca","potentialAction":[{"@type":"ReadAction","target":["https:\/\/freixaadvocats.com\/ca\/altres-arees-de-practica\/dret-mercantil\/"]}]},{"@type":"BreadcrumbList","@id":"https:\/\/freixaadvocats.com\/ca\/altres-arees-de-practica\/dret-mercantil\/#breadcrumb","itemListElement":[{"@type":"ListItem","position":1,"name":"Portada","item":"https:\/\/freixaadvocats.com\/ca\/"},{"@type":"ListItem","position":2,"name":"Altres \u00c0rees de Pr\u00e0ctica","item":"https:\/\/freixaadvocats.com\/ca\/altres-arees-de-practica\/"},{"@type":"ListItem","position":3,"name":"Dret Mercantil"}]},{"@type":"WebSite","@id":"https:\/\/freixaadvocats.com\/ca\/#website","url":"https:\/\/freixaadvocats.com\/ca\/","name":"Toni Freixa Abogado","description":"Especialista en Dret Esportiu, Concursal i Startups","publisher":{"@id":"https:\/\/freixaadvocats.com\/ca\/#organization"},"potentialAction":[{"@type":"SearchAction","target":{"@type":"EntryPoint","urlTemplate":"https:\/\/freixaadvocats.com\/ca\/?s={search_term_string}"},"query-input":{"@type":"PropertyValueSpecification","valueRequired":true,"valueName":"search_term_string"}}],"inLanguage":"ca"},{"@type":"Organization","@id":"https:\/\/freixaadvocats.com\/ca\/#organization","name":"Freixa","url":"https:\/\/freixaadvocats.com\/ca\/","logo":{"@type":"ImageObject","inLanguage":"ca","@id":"https:\/\/freixaadvocats.com\/ca\/#\/schema\/logo\/image\/","url":"https:\/\/freixaadvocats.com\/wp-content\/uploads\/2023\/06\/toni-freixa-advocat.png","contentUrl":"https:\/\/freixaadvocats.com\/wp-content\/uploads\/2023\/06\/toni-freixa-advocat.png","width":144,"height":49,"caption":"Freixa"},"image":{"@id":"https:\/\/freixaadvocats.com\/ca\/#\/schema\/logo\/image\/"}},{"@type":"Person","@id":"https:\/\/freixaadvocats.com\/ca\/#\/schema\/person\/60fffced4655bc3f1f6d16fbd2eaf4e1","name":"adminCgi2023","image":{"@type":"ImageObject","inLanguage":"ca","@id":"https:\/\/freixaadvocats.com\/ca\/#\/schema\/person\/image\/","url":"https:\/\/freixaadvocats.com\/wp-content\/litespeed\/avatar\/1c8b7c9b27d180f6a43159d9c053666a.jpg?ver=1775762146","contentUrl":"https:\/\/freixaadvocats.com\/wp-content\/litespeed\/avatar\/1c8b7c9b27d180f6a43159d9c053666a.jpg?ver=1775762146","caption":"adminCgi2023"},"url":"https:\/\/freixaadvocats.com\/ca\/despatx-advocats-barcelona\/"}]}},"_links":{"self":[{"href":"https:\/\/freixaadvocats.com\/ca\/wp-json\/wp\/v2\/pages\/2143","targetHints":{"allow":["GET"]}}],"collection":[{"href":"https:\/\/freixaadvocats.com\/ca\/wp-json\/wp\/v2\/pages"}],"about":[{"href":"https:\/\/freixaadvocats.com\/ca\/wp-json\/wp\/v2\/types\/page"}],"author":[{"embeddable":true,"href":"https:\/\/freixaadvocats.com\/ca\/wp-json\/wp\/v2\/users\/10"}],"replies":[{"embeddable":true,"href":"https:\/\/freixaadvocats.com\/ca\/wp-json\/wp\/v2\/comments?post=2143"}],"version-history":[{"count":1,"href":"https:\/\/freixaadvocats.com\/ca\/wp-json\/wp\/v2\/pages\/2143\/revisions"}],"predecessor-version":[{"id":4084,"href":"https:\/\/freixaadvocats.com\/ca\/wp-json\/wp\/v2\/pages\/2143\/revisions\/4084"}],"up":[{"embeddable":true,"href":"https:\/\/freixaadvocats.com\/ca\/wp-json\/wp\/v2\/pages\/2214"}],"wp:attachment":[{"href":"https:\/\/freixaadvocats.com\/ca\/wp-json\/wp\/v2\/media?parent=2143"}],"curies":[{"name":"wp","href":"https:\/\/api.w.org\/{rel}","templated":true}]}}